{"id":26,"date":"2024-01-03T11:09:26","date_gmt":"2024-01-03T11:09:26","guid":{"rendered":"https:\/\/tonava.fi\/?page_id=26"},"modified":"2025-06-24T16:52:09","modified_gmt":"2025-06-24T14:52:09","slug":"home","status":"publish","type":"page","link":"https:\/\/tonava.fi\/en\/","title":{"rendered":"Home"},"content":{"rendered":"<div class=\"gb-container gb-container-3221c50a Tonava-hero-01 alignfull\">\n<div class=\"gb-container gb-container-66cdc4cc\">\n<div class=\"gb-container gb-container-560212bd\">\n<div class=\"gb-container gb-container-0ec95728\">\n<div class=\"gb-container gb-container-41d74997\">\n\n<figure class=\"wp-block-image size-large is-resized\"><img decoding=\"async\" src=\"https:\/\/tonava.fi\/wp-content\/uploads\/2024\/01\/Tonava_symbol_white.svg\" alt=\"\" class=\"wp-image-1514\" style=\"width:70px\"\/><\/figure>\n\n<\/div>\n\n<div class=\"gb-container gb-container-3196796c\">\n\n<h1 class=\"gb-headline gb-headline-2e4d42b7 gb-headline-text\">We bring together the<br><mark style=\"background-color:rgba(0, 0, 0, 0);color:#c7fbb4\" class=\"has-inline-color\">best financial experts<\/mark><\/h1>\n\n<\/div>\n<\/div>\n<\/div>\n\n<div class=\"gb-container gb-container-5555b25d\">\n<div class=\"gb-container gb-container-5db99782\">\n\n<figure class=\"wp-block-image size-large is-resized\"><img decoding=\"async\" src=\"https:\/\/tonava.fi\/wp-content\/uploads\/2024\/01\/Tonava_symbol_white.svg\" alt=\"\" class=\"wp-image-1514\" style=\"object-fit:cover;width:45px;height:45px\"\/><\/figure>\n\n<\/div>\n\n<div class=\"gb-container gb-container-31203805\">\n\n<h1 class=\"gb-headline gb-headline-0bb9dac8 gb-headline-text\">We bring together the <mark style=\"background-color:rgba(0, 0, 0, 0);color:#c7fbb4\" class=\"has-inline-color\">best financial experts<\/mark><\/h1>\n\n\n\n<p class=\"gb-headline gb-headline-7a9d348b gb-headline-text\">Meilt\u00e4 l\u00f6yd\u00e4t parhaat kirjanpit\u00e4j\u00e4t, palkanlaskijat, controllerit, CFO:t, HR-managerit, verokonsultit, lakimiehet, rahoituksen asiantuntijat ja tietenkin ne <strong><mark style=\"background-color:rgba(0, 0, 0, 0);color:#c2f4af\" class=\"has-inline-color\">BOTIT.<\/mark><\/strong><\/p>\n\n<\/div>\n<\/div>\n\n<div class=\"gb-container gb-container-99b791db\"><\/div>\n<\/div>\n<\/div>\n\n\n\n<div class=\"gb-container gb-container-d5855f34 alignfull\">\n<div class=\"gb-container gb-container-80cd8571\">\n<div class=\"gb-grid-wrapper gb-grid-wrapper-a11abece luova-custom-columns-1\">\n<div class=\"gb-grid-column gb-grid-column-6ce48ac4\"><div class=\"gb-container gb-container-6ce48ac4\"><a class=\"gb-container-link\" href=\"https:\/\/tonava.fi\/en\/accounting-services\/\"><\/a>\n<div class=\"gb-container gb-container-df2e21c6\"><\/div>\n\n<div class=\"gb-container gb-container-3569f51e\">\n\n<h2 class=\"gb-headline gb-headline-e3c31cbd gb-headline-text\">Accounting<br>Services<\/h2>\n\n<\/div>\n\n<div class=\"gb-container gb-container-9b050830\">\n\n<figure class=\"wp-block-image size-large is-resized\"><img decoding=\"async\" src=\"https:\/\/tonava.fi\/wp-content\/uploads\/2024\/01\/Tonava_taloushallinto.svg\" alt=\"\" class=\"wp-image-2881\" style=\"width:auto;height:119px\"\/><\/figure>\n\n<\/div>\n\n\n<p class=\"gb-headline gb-headline-61532b01 gb-headline-text\">We streamline and digitize your company&#8217;s financial management efficiently with modern tools and artificial intelligence. Our local services are currently available in Helsinki, Turku, Tampere and Fuengirola, Spain, but we can also handle matters remotely if necessary.<\/p>\n\n\n<div class=\"gb-container gb-container-c45c457c arrow-button-small\">\n<div class=\"gb-container gb-container-07abf0f5\">\n\n<div class=\"gb-headline gb-headline-d85e33ee\"><span class=\"gb-icon\"><svg aria-hidden=\"true\" role=\"img\" height=\"1em\" width=\"1em\" viewbox=\"0 0 256 512\" xmlns=\"http:\/\/www.w3.org\/2000\/svg\"><path fill=\"currentColor\" d=\"M224.3 273l-136 136c-9.4 9.4-24.6 9.4-33.9 0l-22.6-22.6c-9.4-9.4-9.4-24.6 0-33.9l96.4-96.4-96.4-96.4c-9.4-9.4-9.4-24.6 0-33.9L54.3 103c9.4-9.4 24.6-9.4 33.9 0l136 136c9.5 9.4 9.5 24.6.1 34z\"><\/path><\/svg><\/span><\/div>\n\n<\/div>\n<\/div>\n<\/div><\/div>\n\n<div class=\"gb-grid-column gb-grid-column-3be7c425\"><div class=\"gb-container gb-container-3be7c425\">\n<div class=\"gb-container gb-container-6590a4b6\"><\/div>\n\n<div class=\"gb-container gb-container-7add3407\">\n\n<h2 class=\"gb-headline gb-headline-b5f71172 gb-headline-text\">Payroll<br>and HR<\/h2>\n\n<\/div>\n\n<div class=\"gb-container gb-container-fffd4bdd\">\n\n<figure class=\"wp-block-image size-large is-resized\"><img loading=\"lazy\" decoding=\"async\" width=\"98\" height=\"118\" src=\"https:\/\/tonava.fi\/wp-content\/uploads\/2024\/01\/palkanlaskenta_symboli.svg\" alt=\"\" class=\"wp-image-2073\" style=\"width:auto;height:119px\"\/><\/figure>\n\n<\/div>\n\n\n<p class=\"gb-headline gb-headline-08f7e030 gb-headline-text\">Payroll and HR tasks are managed efficiently and professionally. We offer comprehensive HR services, including advice on employment contracts and labor law.<\/p>\n\n\n<div class=\"gb-container gb-container-e7758ec1\">\n<div class=\"gb-container gb-container-3318f73e\">\n\n<div class=\"gb-headline gb-headline-eb57737d\"><span class=\"gb-icon\"><svg aria-hidden=\"true\" role=\"img\" height=\"1em\" width=\"1em\" viewbox=\"0 0 256 512\" xmlns=\"http:\/\/www.w3.org\/2000\/svg\"><path fill=\"currentColor\" d=\"M224.3 273l-136 136c-9.4 9.4-24.6 9.4-33.9 0l-22.6-22.6c-9.4-9.4-9.4-24.6 0-33.9l96.4-96.4-96.4-96.4c-9.4-9.4-9.4-24.6 0-33.9L54.3 103c9.4-9.4 24.6-9.4 33.9 0l136 136c9.5 9.4 9.5 24.6.1 34z\"><\/path><\/svg><\/span><\/div>\n\n<\/div>\n<\/div>\n<\/div><\/div>\n\n<div class=\"gb-grid-column gb-grid-column-101c59e6\"><div class=\"gb-container gb-container-101c59e6\">\n<div class=\"gb-container gb-container-6299c9e0\"><\/div>\n\n<div class=\"gb-container gb-container-203ad4de\">\n\n<h2 class=\"gb-headline gb-headline-faab46d6 gb-headline-text\">Advisory<br>Services<\/h2>\n\n<\/div>\n\n<div class=\"gb-container gb-container-4a7570aa\">\n\n<figure class=\"wp-block-image size-large is-resized\"><img loading=\"lazy\" decoding=\"async\" width=\"106\" height=\"116\" src=\"https:\/\/tonava.fi\/wp-content\/uploads\/2024\/01\/advisory-palvelut-icon.svg\" alt=\"\" class=\"wp-image-2074\" style=\"width:auto;height:119px\"\/><\/figure>\n\n<\/div>\n\n\n<p class=\"gb-headline gb-headline-6f376a03 gb-headline-text\">We provide support for business restructuring, taxation, legal matters, financing, and other projects. We\u2019ll find the right expert to assist you smoothly and efficiently.<br><\/p>\n\n\n<div class=\"gb-container gb-container-a7dbbc4c\">\n<div class=\"gb-container gb-container-7f807a7b\">\n\n<div class=\"gb-headline gb-headline-ac855659\"><span class=\"gb-icon\"><svg aria-hidden=\"true\" role=\"img\" height=\"1em\" width=\"1em\" viewbox=\"0 0 256 512\" xmlns=\"http:\/\/www.w3.org\/2000\/svg\"><path fill=\"currentColor\" d=\"M224.3 273l-136 136c-9.4 9.4-24.6 9.4-33.9 0l-22.6-22.6c-9.4-9.4-9.4-24.6 0-33.9l96.4-96.4-96.4-96.4c-9.4-9.4-9.4-24.6 0-33.9L54.3 103c9.4-9.4 24.6-9.4 33.9 0l136 136c9.5 9.4 9.5 24.6.1 34z\"><\/path><\/svg><\/span><\/div>\n\n<\/div>\n<\/div>\n<\/div><\/div>\n\n<div class=\"gb-grid-column gb-grid-column-3e6f2f60\"><div class=\"gb-container gb-container-3e6f2f60\">\n<div class=\"gb-container gb-container-acd9357b\"><\/div>\n\n<div class=\"gb-container gb-container-14419d6b\">\n\n<h2 class=\"gb-headline gb-headline-f7229a6b gb-headline-text\">Interim<br>Services<\/h2>\n\n<\/div>\n\n<div class=\"gb-container gb-container-585aae51\">\n\n<figure class=\"wp-block-image size-large is-resized\"><img loading=\"lazy\" decoding=\"async\" width=\"142\" height=\"111\" src=\"https:\/\/tonava.fi\/wp-content\/uploads\/2024\/01\/CFO-palvelut-icon.svg\" alt=\"\" class=\"wp-image-2075\" style=\"width:auto;height:119px\"\/><\/figure>\n\n<\/div>\n\n\n<p class=\"gb-headline gb-headline-0430b185 gb-headline-text\">We offer part-time or full-time professionals to support your organization. Whether you need a financial assistant, controller, or finance or HR manager, you\u2019ll find the right expert for your company through Tonava Interim Services.<\/p>\n\n\n<div class=\"gb-container gb-container-e6e838b7\">\n<div class=\"gb-container gb-container-2daf76f5\">\n\n<div class=\"gb-headline gb-headline-3aa013bc\"><span class=\"gb-icon\"><svg aria-hidden=\"true\" role=\"img\" height=\"1em\" width=\"1em\" viewbox=\"0 0 256 512\" xmlns=\"http:\/\/www.w3.org\/2000\/svg\"><path fill=\"currentColor\" d=\"M224.3 273l-136 136c-9.4 9.4-24.6 9.4-33.9 0l-22.6-22.6c-9.4-9.4-9.4-24.6 0-33.9l96.4-96.4-96.4-96.4c-9.4-9.4-9.4-24.6 0-33.9L54.3 103c9.4-9.4 24.6-9.4 33.9 0l136 136c9.5 9.4 9.5 24.6.1 34z\"><\/path><\/svg><\/span><\/div>\n\n<\/div>\n<\/div>\n<\/div><\/div>\n<\/div>\n<\/div>\n<\/div>\n\n<div class=\"gb-container gb-container-9b288c6e alignfull\">\n<div class=\"gb-container gb-container-6cb4a388\">\n<div class=\"gb-container gb-container-f2b0ecc9\">\n<div class=\"gb-container gb-container-4dc6d7b8\">\n\n<h1 class=\"gb-headline gb-headline-566cbcfc gb-headline-text\">Tonava<\/h1>\n\n\n\n<h2 class=\"gb-headline gb-headline-e5b3d52f gb-headline-text\">AI<\/h2>\n\n<\/div>\n\n<div class=\"gb-container gb-container-5d48b334\"><\/div>\n<\/div>\n\n<div class=\"gb-container gb-container-908f728c\">\n\n<h3 class=\"gb-headline gb-headline-aa4bcbf4 gb-headline-text\"><mark style=\"background-color:rgba(0, 0, 0, 0)\" class=\"has-inline-color has-accent-color\">Why choose<\/mark> Tonava as a partner?<\/h3>\n\n\n<div class=\"gb-container gb-container-664501f6\">\n<div class=\"gb-container gb-container-467123d1\">\n\n<p class=\"gb-headline gb-headline-38457a13 gb-headline-text\">1<\/p>\n\n<\/div>\n\n\n<p class=\"gb-headline gb-headline-6ab4cb79 gb-headline-text\">Personal and customer-oriented service. You\u2019ll get your own accountant who takes care of your financial matters. We keep your finances under control.<\/p>\n\n<\/div>\n\n<div class=\"gb-container gb-container-83c5f56c\">\n<div class=\"gb-container gb-container-b4cc608c\">\n\n<p class=\"gb-headline gb-headline-895c8ac4 gb-headline-text\">2<\/p>\n\n<\/div>\n\n\n<p class=\"gb-headline gb-headline-de8cb619 gb-headline-text\">L\u00e4pin\u00e4kyv\u00e4 hinnoittelu ja selke\u00e4t sopimukset. Pyrimme automatisoimaan rutiiniteht\u00e4v\u00e4t sinun eduksesi. Olemme alan k\u00e4rkip\u00e4\u00e4t\u00e4 automaation hy\u00f6dynt\u00e4misess\u00e4.<\/p>\n\n<\/div>\n\n<div class=\"gb-container gb-container-b2c63c7a\">\n<div class=\"gb-container gb-container-215a5d7f\">\n\n<p class=\"gb-headline gb-headline-530c2a6d gb-headline-text\">3<\/p>\n\n<\/div>\n\n\n<p class=\"gb-headline gb-headline-e1ffb399 gb-headline-text\">Saat meilt\u00e4 kaikki taloushallinnon palvelut: kirjanpidon, tilinp\u00e4\u00e4t\u00f6kset, palkanlaskennan, raportoinnin, controller-palvelut, veroneuvonnan, lakipalvelut sek\u00e4 rahoitukseen ja yritysj\u00e4rjestelyihin liittyv\u00e4n avun.<\/p>\n\n<\/div>\n\n\n<a class=\"gb-button gb-button-09116f28 gb-button-text gb-button-tonava-green\" href=\"https:\/\/tonava.fi\/en\/contact-us\/\">Contact Us<\/a>\n\n<\/div>\n<\/div>\n<\/div>","protected":false},"excerpt":{"rendered":"<p>Yhdist\u00e4mme taloudenparhaat tekij\u00e4t Yhdist\u00e4mme talouden parhaat tekij\u00e4t Meilt\u00e4 l\u00f6yd\u00e4t parhaat kirjanpit\u00e4j\u00e4t, palkanlaskijat, controllerit, CFO:t, HR-managerit, verokonsultit, lakimiehet, rahoituksen asiantuntijat ja tietenkin ne BOTIT. Tonava AI Miksi valita Tonava kumppaniksi? 1 Henkil\u00f6kohtainen ja asiakasl\u00e4ht\u00f6inen palvelu. Saat oman kirjanpit\u00e4j\u00e4n, joka huolehtii puolestasi talousasiasi. Me pid\u00e4mme taloutesi hallinnassa. 2 L\u00e4pin\u00e4kyv\u00e4 hinnoittelu ja selke\u00e4t sopimukset. Pyrimme automatisoimaan rutiiniteht\u00e4v\u00e4t sinun &#8230; <a title=\"Home\" class=\"read-more\" href=\"https:\/\/tonava.fi\/en\/\" aria-label=\"Read more about Etusivu\">Read more<\/a><\/p>","protected":false},"author":1,"featured_media":3744,"parent":0,"menu_order":0,"comment_status":"closed","ping_status":"closed","template":"","meta":{"_acf_changed":false,"inline_featured_image":false,"ub_ctt_via":"","footnotes":""},"categories":[],"class_list":["post-26","page","type-page","status-publish","has-post-thumbnail"],"acf":[],"featured_image_src":"https:\/\/tonava.fi\/wp-content\/uploads\/2024\/04\/Tonava_relaxed_team_wide_02.jpg","yoast_head":"<!-- This site is optimized with the Yoast SEO Premium plugin v24.8 (Yoast SEO v24.8.1) - https:\/\/yoast.com\/wordpress\/plugins\/seo\/ -->\n<title>Tonava | Auktorisoitu tilitoimisto kasvuyrityksille<\/title>\n<meta name=\"description\" content=\"Tonava on auktorisoitu tilitoimisto Helsingiss\u00e4, Turussa ja Tampereella. Olemme luonteva kumppani kasvua tavoitteleville yrityksille.\" \/>\n<meta name=\"robots\" content=\"index, follow, max-snippet:-1, max-image-preview:large, max-video-preview:-1\" \/>\n<link rel=\"canonical\" href=\"https:\/\/tonava.fi\/en\/\" \/>\n<meta property=\"og:locale\" content=\"en_US\" \/>\n<meta property=\"og:type\" content=\"article\" \/>\n<meta property=\"og:title\" content=\"Tonava | Auktorisoitu tilitoimisto kasvuyrityksille\" \/>\n<meta property=\"og:description\" content=\"Tonava on auktorisoitu tilitoimisto Helsingiss\u00e4, Turussa ja Tampereella. Olemme luonteva kumppani kasvua tavoitteleville yrityksille.\" \/>\n<meta property=\"og:url\" content=\"https:\/\/tonava.fi\/en\/\" \/>\n<meta property=\"og:site_name\" content=\"Tonava - tilitoimisto Helsinki, Turku, Tampere\" \/>\n<meta property=\"article:publisher\" content=\"https:\/\/www.facebook.com\/tilitoimistotonava\" \/>\n<meta property=\"article:modified_time\" content=\"2025-06-24T14:52:09+00:00\" \/>\n<meta property=\"og:image\" content=\"https:\/\/tonava.fi\/wp-content\/uploads\/2024\/04\/Tonava_relaxed_team_wide_02.jpg\" \/>\n\t<meta property=\"og:image:width\" content=\"1900\" \/>\n\t<meta property=\"og:image:height\" content=\"1151\" \/>\n\t<meta property=\"og:image:type\" content=\"image\/jpeg\" \/>\n<meta name=\"twitter:card\" content=\"summary_large_image\" \/>\n<meta name=\"twitter:label1\" content=\"Est. reading time\" \/>\n\t<meta name=\"twitter:data1\" content=\"10 minutes\" \/>\n<script type=\"application\/ld+json\" class=\"yoast-schema-graph\">{\"@context\":\"https:\/\/schema.org\",\"@graph\":[{\"@type\":\"WebPage\",\"@id\":\"https:\/\/tonava.fi\/\",\"url\":\"https:\/\/tonava.fi\/\",\"name\":\"Tonava | Auktorisoitu tilitoimisto kasvuyrityksille\",\"isPartOf\":{\"@id\":\"https:\/\/tonava.fi\/#website\"},\"primaryImageOfPage\":{\"@id\":\"https:\/\/tonava.fi\/#primaryimage\"},\"image\":{\"@id\":\"https:\/\/tonava.fi\/#primaryimage\"},\"thumbnailUrl\":\"https:\/\/tonava.fi\/wp-content\/uploads\/2024\/04\/Tonava_relaxed_team_wide_02.jpg\",\"datePublished\":\"2024-01-03T11:09:26+00:00\",\"dateModified\":\"2025-06-24T14:52:09+00:00\",\"description\":\"Tonava on auktorisoitu tilitoimisto Helsingiss\u00e4, Turussa ja Tampereella. Olemme luonteva kumppani kasvua tavoitteleville yrityksille.\",\"inLanguage\":\"en-US\",\"potentialAction\":[{\"@type\":\"ReadAction\",\"target\":[\"https:\/\/tonava.fi\/\"]}]},{\"@type\":\"ImageObject\",\"inLanguage\":\"en-US\",\"@id\":\"https:\/\/tonava.fi\/#primaryimage\",\"url\":\"https:\/\/tonava.fi\/wp-content\/uploads\/2024\/04\/Tonava_relaxed_team_wide_02.jpg\",\"contentUrl\":\"https:\/\/tonava.fi\/wp-content\/uploads\/2024\/04\/Tonava_relaxed_team_wide_02.jpg\",\"width\":1900,\"height\":1151},{\"@type\":\"WebSite\",\"@id\":\"https:\/\/tonava.fi\/#website\",\"url\":\"https:\/\/tonava.fi\/\",\"name\":\"Tonava - tilitoimisto Helsinki, Turku, Tampere\",\"description\":\"\",\"publisher\":{\"@id\":\"https:\/\/tonava.fi\/#organization\"},\"potentialAction\":[{\"@type\":\"SearchAction\",\"target\":{\"@type\":\"EntryPoint\",\"urlTemplate\":\"https:\/\/tonava.fi\/?s={search_term_string}\"},\"query-input\":{\"@type\":\"PropertyValueSpecification\",\"valueRequired\":true,\"valueName\":\"search_term_string\"}}],\"inLanguage\":\"en-US\"},{\"@type\":\"Organization\",\"@id\":\"https:\/\/tonava.fi\/#organization\",\"name\":\"Tonava - tilitoimisto Helsinki, Turku, Tampere\",\"url\":\"https:\/\/tonava.fi\/\",\"logo\":{\"@type\":\"ImageObject\",\"inLanguage\":\"en-US\",\"@id\":\"https:\/\/tonava.fi\/#\/schema\/logo\/image\/\",\"url\":\"https:\/\/tonava.fi\/wp-content\/uploads\/2021\/08\/cropped-Tonava_icon.png\",\"contentUrl\":\"https:\/\/tonava.fi\/wp-content\/uploads\/2021\/08\/cropped-Tonava_icon.png\",\"width\":512,\"height\":512,\"caption\":\"Tonava - tilitoimisto Helsinki, Turku, Tampere\"},\"image\":{\"@id\":\"https:\/\/tonava.fi\/#\/schema\/logo\/image\/\"},\"sameAs\":[\"https:\/\/www.facebook.com\/tilitoimistotonava\",\"https:\/\/www.linkedin.com\/company\/tonava\",\"https:\/\/www.instagram.com\/tilitoimistotonava\/\"]}]}<\/script>\n<!-- \/ Yoast SEO Premium plugin. -->","yoast_head_json":{"title":"Tonava | Auktorisoitu tilitoimisto kasvuyrityksille","description":"Tonava on auktorisoitu tilitoimisto Helsingiss\u00e4, Turussa ja Tampereella. Olemme luonteva kumppani kasvua tavoitteleville yrityksille.","robots":{"index":"index","follow":"follow","max-snippet":"max-snippet:-1","max-image-preview":"max-image-preview:large","max-video-preview":"max-video-preview:-1"},"canonical":"https:\/\/tonava.fi\/en\/","og_locale":"en_US","og_type":"article","og_title":"Tonava | Auktorisoitu tilitoimisto kasvuyrityksille","og_description":"Tonava on auktorisoitu tilitoimisto Helsingiss\u00e4, Turussa ja Tampereella. Olemme luonteva kumppani kasvua tavoitteleville yrityksille.","og_url":"https:\/\/tonava.fi\/en\/","og_site_name":"Tonava - tilitoimisto Helsinki, Turku, Tampere","article_publisher":"https:\/\/www.facebook.com\/tilitoimistotonava","article_modified_time":"2025-06-24T14:52:09+00:00","og_image":[{"width":1900,"height":1151,"url":"https:\/\/tonava.fi\/wp-content\/uploads\/2024\/04\/Tonava_relaxed_team_wide_02.jpg","type":"image\/jpeg"}],"twitter_card":"summary_large_image","twitter_misc":{"Est. reading time":"10 minutes"},"schema":{"@context":"https:\/\/schema.org","@graph":[{"@type":"WebPage","@id":"https:\/\/tonava.fi\/","url":"https:\/\/tonava.fi\/","name":"Tonava | Auktorisoitu tilitoimisto kasvuyrityksille","isPartOf":{"@id":"https:\/\/tonava.fi\/#website"},"primaryImageOfPage":{"@id":"https:\/\/tonava.fi\/#primaryimage"},"image":{"@id":"https:\/\/tonava.fi\/#primaryimage"},"thumbnailUrl":"https:\/\/tonava.fi\/wp-content\/uploads\/2024\/04\/Tonava_relaxed_team_wide_02.jpg","datePublished":"2024-01-03T11:09:26+00:00","dateModified":"2025-06-24T14:52:09+00:00","description":"Tonava on auktorisoitu tilitoimisto Helsingiss\u00e4, Turussa ja Tampereella. Olemme luonteva kumppani kasvua tavoitteleville yrityksille.","inLanguage":"en-US","potentialAction":[{"@type":"ReadAction","target":["https:\/\/tonava.fi\/"]}]},{"@type":"ImageObject","inLanguage":"en-US","@id":"https:\/\/tonava.fi\/#primaryimage","url":"https:\/\/tonava.fi\/wp-content\/uploads\/2024\/04\/Tonava_relaxed_team_wide_02.jpg","contentUrl":"https:\/\/tonava.fi\/wp-content\/uploads\/2024\/04\/Tonava_relaxed_team_wide_02.jpg","width":1900,"height":1151},{"@type":"WebSite","@id":"https:\/\/tonava.fi\/#website","url":"https:\/\/tonava.fi\/","name":"Tonava - tilitoimisto Helsinki, Turku, Tampere","description":"","publisher":{"@id":"https:\/\/tonava.fi\/#organization"},"potentialAction":[{"@type":"SearchAction","target":{"@type":"EntryPoint","urlTemplate":"https:\/\/tonava.fi\/?s={search_term_string}"},"query-input":{"@type":"PropertyValueSpecification","valueRequired":true,"valueName":"search_term_string"}}],"inLanguage":"en-US"},{"@type":"Organization","@id":"https:\/\/tonava.fi\/#organization","name":"Tonava - tilitoimisto Helsinki, Turku, Tampere","url":"https:\/\/tonava.fi\/","logo":{"@type":"ImageObject","inLanguage":"en-US","@id":"https:\/\/tonava.fi\/#\/schema\/logo\/image\/","url":"https:\/\/tonava.fi\/wp-content\/uploads\/2021\/08\/cropped-Tonava_icon.png","contentUrl":"https:\/\/tonava.fi\/wp-content\/uploads\/2021\/08\/cropped-Tonava_icon.png","width":512,"height":512,"caption":"Tonava - tilitoimisto Helsinki, Turku, Tampere"},"image":{"@id":"https:\/\/tonava.fi\/#\/schema\/logo\/image\/"},"sameAs":["https:\/\/www.facebook.com\/tilitoimistotonava","https:\/\/www.linkedin.com\/company\/tonava","https:\/\/www.instagram.com\/tilitoimistotonava\/"]}]}},"_links":{"self":[{"href":"https:\/\/tonava.fi\/en\/wp-json\/wp\/v2\/pages\/26","targetHints":{"allow":["GET"]}}],"collection":[{"href":"https:\/\/tonava.fi\/en\/wp-json\/wp\/v2\/pages"}],"about":[{"href":"https:\/\/tonava.fi\/en\/wp-json\/wp\/v2\/types\/page"}],"author":[{"embeddable":true,"href":"https:\/\/tonava.fi\/en\/wp-json\/wp\/v2\/users\/1"}],"replies":[{"embeddable":true,"href":"https:\/\/tonava.fi\/en\/wp-json\/wp\/v2\/comments?post=26"}],"version-history":[{"count":5,"href":"https:\/\/tonava.fi\/en\/wp-json\/wp\/v2\/pages\/26\/revisions"}],"predecessor-version":[{"id":6089,"href":"https:\/\/tonava.fi\/en\/wp-json\/wp\/v2\/pages\/26\/revisions\/6089"}],"wp:featuredmedia":[{"embeddable":true,"href":"https:\/\/tonava.fi\/en\/wp-json\/wp\/v2\/media\/3744"}],"wp:attachment":[{"href":"https:\/\/tonava.fi\/en\/wp-json\/wp\/v2\/media?parent=26"}],"wp:term":[{"taxonomy":"category","embeddable":true,"href":"https:\/\/tonava.fi\/en\/wp-json\/wp\/v2\/categories?post=26"}],"curies":[{"name":"wp","href":"https:\/\/api.w.org\/{rel}","templated":true}]}}